{"id":4141,"date":"2012-11-05T13:02:51","date_gmt":"2012-11-05T13:02:51","guid":{"rendered":"http:\/\/lindalampenius.com\/eng\/handla\/"},"modified":"2012-11-05T13:02:51","modified_gmt":"2012-11-05T13:02:51","slug":"handla","status":"publish","type":"page","link":"https:\/\/lindalampenius.com\/eng\/handla\/","title":{"rendered":"Handla"},"content":{"rendered":"<p>Den h\u00e4r sidan kommer strax. F\u00f6r akuta ink\u00f6p av Lindas skivor eller bok ber vi dig kontakta oss <a title=\"Kontakt\" href=\"http:\/\/lindalampenius.com\/swe\/kontakt\">h\u00e4r<\/a>.<\/p>\n","protected":false},"excerpt":{"rendered":"<p>Den h\u00e4r sidan kommer strax. F\u00f6r akuta ink\u00f6p av Lindas skivor eller bok ber vi dig kontakta oss h\u00e4r.<\/p>\n","protected":false},"author":0,"featured_media":4142,"parent":0,"menu_order":0,"comment_status":"closed","ping_status":"closed","template":"","meta":{"_bbp_topic_count":0,"_bbp_reply_count":0,"_bbp_total_topic_count":0,"_bbp_total_reply_count":0,"_bbp_voice_count":0,"_bbp_anonymous_reply_count":0,"_bbp_topic_count_hidden":0,"_bbp_reply_count_hidden":0,"_bbp_forum_subforum_count":0,"footnotes":""},"class_list":["post-4141","page","type-page","status-publish","has-post-thumbnail"],"_links":{"self":[{"href":"https:\/\/lindalampenius.com\/eng\/wp-json\/wp\/v2\/pages\/4141","targetHints":{"allow":["GET"]}}],"collection":[{"href":"https:\/\/lindalampenius.com\/eng\/wp-json\/wp\/v2\/pages"}],"about":[{"href":"https:\/\/lindalampenius.com\/eng\/wp-json\/wp\/v2\/types\/page"}],"replies":[{"embeddable":true,"href":"https:\/\/lindalampenius.com\/eng\/wp-json\/wp\/v2\/comments?post=4141"}],"version-history":[{"count":0,"href":"https:\/\/lindalampenius.com\/eng\/wp-json\/wp\/v2\/pages\/4141\/revisions"}],"wp:featuredmedia":[{"embeddable":true,"href":"https:\/\/lindalampenius.com\/eng\/wp-json\/wp\/v2\/media\/4142"}],"wp:attachment":[{"href":"https:\/\/lindalampenius.com\/eng\/wp-json\/wp\/v2\/media?parent=4141"}],"curies":[{"name":"wp","href":"https:\/\/api.w.org\/{rel}","templated":true}]}}